{"id":73,"date":"2023-10-23T14:49:14","date_gmt":"2023-10-23T12:49:14","guid":{"rendered":"https:\/\/naturbad-sauensiek.de\/DEMO\/wordpress\/?page_id=3"},"modified":"2024-03-14T15:20:15","modified_gmt":"2024-03-14T14:20:15","slug":"datenschutz","status":"publish","type":"page","link":"https:\/\/naturbad-sauensiek.de\/CMS\/wordpress\/datenschutz\/","title":{"rendered":"Datenschutzerkl\u00e4rung"},"content":{"rendered":"\t\t<div data-elementor-type=\"wp-page\" data-elementor-id=\"73\" class=\"elementor elementor-73\">\n\t\t\t\t\t\t<section class=\"elementor-section elementor-top-section elementor-element elementor-element-44cdf947 elementor-section-boxed elementor-section-height-default elementor-section-height-default\" data-id=\"44cdf947\" data-element_type=\"section\">\n\t\t\t\t\t\t<div class=\"elementor-container elementor-column-gap-default\">\n\t\t\t\t\t<div class=\"elementor-column elementor-col-100 elementor-top-column elementor-element elementor-element-33b47330\" data-id=\"33b47330\" data-element_type=\"column\">\n\t\t\t<div class=\"elementor-widget-wrap elementor-element-populated\">\n\t\t\t\t\t\t<div class=\"elementor-element elementor-element-bfffc85 elementor-widget elementor-widget-heading\" data-id=\"bfffc85\" data-element_type=\"widget\" data-widget_type=\"heading.default\">\n\t\t\t\t<div class=\"elementor-widget-container\">\n\t\t\t\t\t<h1 class=\"elementor-heading-title elementor-size-default\">Datenschutz<\/h1>\t\t\t\t<\/div>\n\t\t\t\t<\/div>\n\t\t\t\t<div class=\"elementor-element elementor-element-6b136b49 elementor-widget elementor-widget-text-editor\" data-id=\"6b136b49\" data-element_type=\"widget\" data-widget_type=\"text-editor.default\">\n\t\t\t\t<div class=\"elementor-widget-container\">\n\t\t\t\t\t\t\t\t\t<p><\/p>\n<h4 class=\"wp-block-heading\">Wer wir sind<\/h4>\n<p><\/p>\n<p><\/p>\n<p>Wir sind der Naturbadverein und unterhalten das Naturbad in&nbsp;<span style=\"color: var( --e-global-color-text ); font-size: 1rem;\">der Gemeinde Sauensiek<\/span><span style=\"color: var( --e-global-color-text ); font-size: 1rem;\">.&nbsp;<\/span><\/p>\n<p>Unsere Webadresse&nbsp;ist: https:\/\/naturbad-sauensiek.de&nbsp;<\/p>\n<h4>Kommentare<\/h4>\n<p><\/p>\n<p><\/p>\n<p>Wir unterst\u00fctzen keine Kommentare auf unserer Seite. Daher k\u00f6nnen Besucher auch keine Spuren hinterlassen, die pers\u00f6nliche Daten beinhalten. Wer mit uns \u00fcber die Seite in Kontakt tritt, tut das ausschlie\u00dflich per E-Mail und mit den Daten, die er\/sie auf diesem Weg freiwillig weitergibt.<\/p>\n<p><\/p>\n<p><\/p>\n<h4 class=\"wp-block-heading\">Cookies<\/h4>\n<p><\/p>\n<p><\/p>\n<p>Wir setzen keine Cookies au\u00dfer denen, die technisch notwendig sind, um die Seite betreiben zu k\u00f6nnen. Die Provider der Soft- und Hardware, die f\u00fcr das Betreiben unserer Seite notwendig ist, setzen u.U. Cookies, die zu statistischen Zwecken genutzt werden k\u00f6nnen. Darauf haben wir keinen Einflu\u00df. Diese Provider sind: IONOS.com, WordPress.org, Elementor.com.&nbsp;<\/p>\n<p><\/p>\n<p><\/p>\n<h4 class=\"wp-block-heading\">Links zu anderen Seiten<\/h4>\n<p><\/p>\n<p><\/p>\n<p><span style=\"color: var( --e-global-color-text ); font-size: 1rem;\">Wir haben Links zu externen Seiten in unsere Seite eingef\u00fcgt. Beim Folgen der Links gelten alle Nutzungsbestimmungen der aufgerufenen Seiten. F\u00fcr deren Inhalt \u00fcbernehmen wir keine Verantwortung oder Haftung und distanzieren uns ausdr\u00fccklich davon.<\/span><\/p>\n<p><\/p>\n<p><\/p>\n<h4 class=\"wp-block-heading\">Mit wem wir Ihre Daten teilen<\/h4>\n<p><\/p>\n<p><\/p>\n<p>Wir geben Ihre Daten nicht an Dritte weiter, denn wir sammeln keine Daten von Ihnen und haben daher nichts, was wir weitergeben k\u00f6nnten.&nbsp;<\/p>\n<p><\/p>\n<p><\/p>\n<p><\/p>\n<h4 class=\"wp-block-heading\">Wie lange wir Ihre Daten behalten<\/h4>\n<p><\/p>\n<p><\/p>\n<p>Da wir lediglich Ihre E-Mailadresse bekommen, wenn Sie uns kontaktieren, verbleibt die in unserem internen Verteiler, bis der Zweck der Kommunikation erledigt ist, oder Sie uns auffordern, sie zu l\u00f6schen.&nbsp;<span style=\"color: var( --e-global-color-text ); font-size: 1rem;\">Schicken Sie dazu einfach eine Mail an info(at)naturbad-sauensiek.de<\/span><\/p>\n<p><\/p>\n<p><\/p>\n<p><\/p>\n<p><\/p>\n<p><\/p>\n<h4 class=\"wp-block-heading\">Welche Rechte Sie \u00fcber Ihre Daten haben<\/h4>\n<p><\/p>\n<p><\/p>\n<p>Da wir lediglich E-Mailadressen bekommen, wenn Sie uns auf diesem Weg kontaktieren, sind das die einzigen Daten (\u00fcber die IP-Adresse hinaus), die wir von Ihnen haben. Selbstverst\u00e4ndlich haben Sie das Recht, dass die Adresse aus unserem System gel\u00f6scht wird. Schicken Sie dazu einfach eine Mail an info(at)naturbad-sauensiek.de<\/p>\n<p><\/p>\n<p><\/p>\n<p><\/p>\n<h4 class=\"wp-block-heading\">Wo wir Ihre Daten hinschicken<\/h4>\n<p><\/p>\n<p><\/p>\n<p>Nirgends. Wir sind in keiner Weise an Besucherdaten interessiert, die \u00fcber die reine funktionelle Verwendung hinausgehen (E-Mails beantworten).<\/p>\n<p><\/p>\t\t\t\t\t\t\t\t<\/div>\n\t\t\t\t<\/div>\n\t\t\t\t\t<\/div>\n\t\t<\/div>\n\t\t\t\t\t<\/div>\n\t\t<\/section>\n\t\t\t\t<\/div>\n\t\t","protected":false},"excerpt":{"rendered":"<p>Datenschutz Wer wir sind Wir sind der Naturbadverein und unterhalten das Naturbad in&nbsp;der Gemeinde Sauensiek.&nbsp; Unsere Webadresse&nbsp;ist: https:\/\/naturbad-sauensiek.de&nbsp; Kommentare Wir unterst\u00fctzen keine Kommentare auf unserer Seite. Daher k\u00f6nnen Besucher auch keine Spuren hinterlassen, die pers\u00f6nliche Daten beinhalten. Wer mit uns \u00fcber die Seite in Kontakt tritt, tut das ausschlie\u00dflich per E-Mail und mit den Daten, [&hellip;]<\/p>\n","protected":false},"author":1,"featured_media":0,"parent":0,"menu_order":0,"comment_status":"closed","ping_status":"closed","template":"elementor_header_footer","meta":{"footnotes":""},"class_list":["post-73","page","type-page","status-publish","hentry"],"_links":{"self":[{"href":"https:\/\/naturbad-sauensiek.de\/CMS\/wordpress\/wp-json\/wp\/v2\/pages\/73","targetHints":{"allow":["GET"]}}],"collection":[{"href":"https:\/\/naturbad-sauensiek.de\/CMS\/wordpress\/wp-json\/wp\/v2\/pages"}],"about":[{"href":"https:\/\/naturbad-sauensiek.de\/CMS\/wordpress\/wp-json\/wp\/v2\/types\/page"}],"author":[{"embeddable":true,"href":"https:\/\/naturbad-sauensiek.de\/CMS\/wordpress\/wp-json\/wp\/v2\/users\/1"}],"replies":[{"embeddable":true,"href":"https:\/\/naturbad-sauensiek.de\/CMS\/wordpress\/wp-json\/wp\/v2\/comments?post=73"}],"version-history":[{"count":30,"href":"https:\/\/naturbad-sauensiek.de\/CMS\/wordpress\/wp-json\/wp\/v2\/pages\/73\/revisions"}],"predecessor-version":[{"id":1840,"href":"https:\/\/naturbad-sauensiek.de\/CMS\/wordpress\/wp-json\/wp\/v2\/pages\/73\/revisions\/1840"}],"wp:attachment":[{"href":"https:\/\/naturbad-sauensiek.de\/CMS\/wordpress\/wp-json\/wp\/v2\/media?parent=73"}],"curies":[{"name":"wp","href":"https:\/\/api.w.org\/{rel}","templated":true}]}}